{"id":120,"date":"2026-05-06T14:35:46","date_gmt":"2026-05-06T14:35:46","guid":{"rendered":"https:\/\/www.valerie-perriguey.fr\/?page_id=120"},"modified":"2026-05-06T21:41:45","modified_gmt":"2026-05-06T21:41:45","slug":"seances","status":"publish","type":"page","link":"https:\/\/www.valerie-perriguey.fr\/?page_id=120","title":{"rendered":"Les s\u00e9ances de r\u00e9flexologie"},"content":{"rendered":"\n<div class=\"wp-block-group is-vertical is-content-justification-center is-layout-flex wp-container-core-group-is-layout-ce155fab wp-block-group-is-layout-flex\">\n<p class=\"is-style-text-subtitle is-style-text-subtitle--1\">Un moment pour rel\u00e2cher et retrouver du confort<\/p>\n<\/div>\n\n\n\n<hr class=\"wp-block-separator has-alpha-channel-opacity\"\/>\n\n\n\n<div class=\"wp-block-group alignwide is-style-section-1 has-global-padding is-layout-constrained wp-block-group-is-layout-constrained is-style-section-1--2\">\n<p>Chaque s\u00e9ance est un moment pour ralentir, rel\u00e2cher et se reconnecter \u00e0 ses ressentis.<\/p>\n\n\n\n<p>Je me d\u00e9place \u00e0 votre domicile ou en structure pour vous proposer un accompagnement adapt\u00e9 \u00e0 vos besoins, dans un cadre simple, respectueux et bienveillant.<\/p>\n<\/div>\n\n\n\n<div class=\"wp-block-columns is-layout-flex wp-container-core-columns-is-layout-28f84493 wp-block-columns-is-layout-flex\">\n<div class=\"wp-block-column is-vertically-aligned-stretch is-layout-flow wp-container-core-column-is-layout-f5bb311e wp-block-column-is-layout-flow\">\n<p>Chaque s\u00e9ance d\u00e9bute par un temps d\u2019\u00e9change.<\/p>\n\n\n\n<p>Ce moment permet de comprendre vos besoins, votre rythme et ce que vous traversez actuellement.<\/p>\n\n\n\n<p>La s\u00e9ance est ensuite adapt\u00e9e pour vous accompagner en douceur, sans \u00eatre fig\u00e9e.<\/p>\n<\/div>\n\n\n\n<div class=\"wp-block-column is-layout-flow wp-block-column-is-layout-flow\">\n<figure class=\"wp-block-image size-full\"><img loading=\"lazy\" decoding=\"async\" width=\"600\" height=\"360\" src=\"https:\/\/www.valerie-perriguey.fr\/wp-content\/uploads\/2026\/04\/t600x362.jpg\" alt=\"\" class=\"wp-image-17\" srcset=\"https:\/\/www.valerie-perriguey.fr\/wp-content\/uploads\/2026\/04\/t600x362.jpg 600w, https:\/\/www.valerie-perriguey.fr\/wp-content\/uploads\/2026\/04\/t600x362-300x180.jpg 300w\" sizes=\"auto, (max-width: 600px) 100vw, 600px\" \/><\/figure>\n\n\n\n<figure class=\"wp-block-image size-large\"><img loading=\"lazy\" decoding=\"async\" width=\"1024\" height=\"682\" src=\"https:\/\/www.valerie-perriguey.fr\/wp-content\/uploads\/2026\/04\/Creer-des-liens-malgre-la-distance-les-astuces-pour-rester-proche-de-nos-aines-en-EHPAD-1024x682.jpeg\" alt=\"\" class=\"wp-image-18\" srcset=\"https:\/\/www.valerie-perriguey.fr\/wp-content\/uploads\/2026\/04\/Creer-des-liens-malgre-la-distance-les-astuces-pour-rester-proche-de-nos-aines-en-EHPAD-1024x682.jpeg 1024w, https:\/\/www.valerie-perriguey.fr\/wp-content\/uploads\/2026\/04\/Creer-des-liens-malgre-la-distance-les-astuces-pour-rester-proche-de-nos-aines-en-EHPAD-300x200.jpeg 300w, https:\/\/www.valerie-perriguey.fr\/wp-content\/uploads\/2026\/04\/Creer-des-liens-malgre-la-distance-les-astuces-pour-rester-proche-de-nos-aines-en-EHPAD-768x512.jpeg 768w, https:\/\/www.valerie-perriguey.fr\/wp-content\/uploads\/2026\/04\/Creer-des-liens-malgre-la-distance-les-astuces-pour-rester-proche-de-nos-aines-en-EHPAD.jpeg 1280w\" sizes=\"auto, (max-width: 1024px) 100vw, 1024px\" \/><\/figure>\n<\/div>\n<\/div>\n\n\n\n<hr class=\"wp-block-separator has-alpha-channel-opacity\"\/>\n\n\n\n<div class=\"wp-block-columns alignwide is-layout-flex wp-container-core-columns-is-layout-28f84493 wp-block-columns-is-layout-flex\">\n<div class=\"wp-block-column has-global-padding is-layout-constrained wp-block-column-is-layout-constrained\">\n<h3 class=\"wp-block-heading has-text-align-center\">R\u00e9flexologie plantaire<\/h3>\n\n\n\n<p>Une approche globale qui favorise une d\u00e9tente profonde et un rel\u00e2chement du corps.<\/p>\n<\/div>\n\n\n\n<div class=\"wp-block-column is-layout-flow wp-block-column-is-layout-flow\">\n<h3 class=\"wp-block-heading has-text-align-center\"> R\u00e9flexologie palmaire<\/h3>\n\n\n\n<p>Une approche douce, accessible \u00e0 tous, id\u00e9ale pour les personnes sensibles ou les s\u00e9ances plus courtes.<\/p>\n\n\n\n<hr class=\"wp-block-separator has-alpha-channel-opacity\"\/>\n<\/div>\n\n\n\n<div class=\"wp-block-column has-global-padding is-layout-constrained wp-block-column-is-layout-constrained\">\n<h3 class=\"wp-block-heading has-text-align-center\">R\u00e9flexologie enfants<\/h3>\n\n\n\n<p>Une s\u00e9ance adapt\u00e9e au rythme de l\u2019enfant, dans un cadre rassurant et apaisant.<\/p>\n<\/div>\n<\/div>\n\n\n\n<hr class=\"wp-block-separator has-alpha-channel-opacity\"\/>\n\n\n\n<div class=\"wp-block-columns alignwide is-layout-flex wp-container-core-columns-is-layout-28f84493 wp-block-columns-is-layout-flex\">\n<div class=\"wp-block-column is-layout-flow wp-block-column-is-layout-flow\">\n<h3 class=\"wp-block-heading has-text-align-center\">R\u00e9flexologie tha\u00eflandaise<\/h3>\n\n\n\n<p>Un travail des pieds et des jambes pour d\u00e9lasser et retrouver de la l\u00e9g\u00e8ret\u00e9.<\/p>\n<\/div>\n\n\n\n<div class=\"wp-block-column is-layout-flow wp-block-column-is-layout-flow\">\n<h3 class=\"wp-block-heading has-text-align-center\">Ateliers bien-\u00eatre<\/h3>\n\n\n\n<p>Des moments doux, conviviaux et accessibles \u00e0 tous pour apprendre des gestes simples de r\u00e9flexologie et de relaxation \u00e0 refaire chez soi.<\/p>\n<\/div>\n<\/div>\n\n\n\n<hr class=\"wp-block-separator has-alpha-channel-opacity\"\/>\n\n\n\n<p class=\"has-text-align-center\"><strong>Chaque accompagnement est unique.<\/strong><\/p>\n\n\n\n<p class=\"has-text-align-center is-style-default\"><strong>L\u2019objectif n\u2019est pas de \u201ccorriger\u201d, mais d\u2019aider \u00e0 mieux vivre avec son corps, ses ressentis et son quotidien.<\/strong><\/p>\n\n\n\n<hr class=\"wp-block-separator has-alpha-channel-opacity\"\/>\n\n\n\n<hr class=\"wp-block-separator has-alpha-channel-opacity\"\/>\n\n\n\n<h2 class=\"wp-block-heading\">Comment se d\u00e9roule une s\u00e9ance ?<\/h2>\n\n\n\n<ul class=\"wp-block-list\">\n<li>un temps d\u2019\u00e9change en d\u00e9but de s\u00e9ance<\/li>\n\n\n\n<li>installation confortable (table ou fauteuil selon le lieu)<\/li>\n\n\n\n<li>s\u00e9ance de r\u00e9flexologie adapt\u00e9e<\/li>\n\n\n\n<li>temps de repos en fin de s\u00e9ance<\/li>\n\n\n\n<li>\u00e9changes si besoin<\/li>\n<\/ul>\n\n\n\n<p>La s\u00e9ance se d\u00e9roule dans un cadre simple et respectueux, \u00e0 votre rythme.<\/p>\n\n\n\n<hr class=\"wp-block-separator has-alpha-channel-opacity\"\/>\n\n\n\n<h2 class=\"wp-block-heading\">Une s\u00e9ance adapt\u00e9e \u00e0 chacun<\/h2>\n\n\n\n<p class=\"has-text-align-center is-style-text-subtitle is-style-text-subtitle--3\">Chaque s\u00e9ance est unique.<br>Il n\u2019y a pas de protocole fig\u00e9.<\/p>\n\n\n\n<hr class=\"wp-block-separator has-alpha-channel-opacity\"\/>\n\n\n\n<div class=\"wp-block-group alignwide is-style-section-1 has-global-padding is-layout-constrained wp-block-group-is-layout-constrained is-style-section-1--4\">\n<h2 class=\"wp-block-heading has-text-align-center\">Un accompagnement \u00e9volutif<\/h2>\n\n\n\n<p class=\"has-text-align-center\">Chaque s\u00e9ance peut \u00e9voluer dans le temps.<\/p>\n\n\n\n<p class=\"has-text-align-center\">Au fil des s\u00e9ances, certaines techniques peuvent \u00eatre int\u00e9gr\u00e9es en compl\u00e9ment :<\/p>\n\n\n\n<p class=\"has-text-align-center\">\u2022 r\u00e9flexologie auriculaire<br>\u2022 Dien Chan (visage)<br>\u2022 points d\u2019acupression<\/p>\n\n\n\n<p class=\"has-text-align-center\">Ces approches permettent d\u2019affiner l\u2019accompagnement<br>selon vos besoins et votre ressenti.<\/p>\n<\/div>\n\n\n\n<hr class=\"wp-block-separator has-alpha-channel-opacity\"\/>\n\n\n\n<h2 class=\"wp-block-heading\"><strong>Les contre-indications<\/strong><\/h2>\n\n\n\n<div class=\"wp-block-group is-nowrap is-layout-flex wp-container-core-group-is-layout-6c531013 wp-block-group-is-layout-flex\">\n<div data-wp-context=\"{ &quot;autoclose&quot;: false, &quot;accordionItems&quot;: [] }\" data-wp-interactive=\"core\/accordion\" role=\"group\" class=\"wp-block-accordion is-layout-flow wp-block-accordion-is-layout-flow\">\n<div data-wp-class--is-open=\"state.isOpen\" data-wp-context=\"{ &quot;id&quot;: &quot;accordion-item-5&quot;, &quot;openByDefault&quot;: false }\" data-wp-init=\"callbacks.initAccordionItems\" data-wp-on-window--hashchange=\"callbacks.hashChange\" class=\"wp-block-accordion-item is-layout-flow wp-block-accordion-item-is-layout-flow\">\n<h3 class=\"wp-block-accordion-heading\"><button aria-expanded=\"false\" aria-controls=\"accordion-item-5-panel\" data-wp-bind--aria-expanded=\"state.isOpen\" data-wp-on--click=\"actions.toggle\" data-wp-on--keydown=\"actions.handleKeyDown\" id=\"accordion-item-5\" type=\"button\" class=\"wp-block-accordion-heading__toggle\"><span class=\"wp-block-accordion-heading__toggle-title\">Certaines situations n\u00e9cessitent une adaptation ou un report de s\u00e9ance.<\/span><span class=\"wp-block-accordion-heading__toggle-icon\" aria-hidden=\"true\">+<\/span><\/button><\/h3>\n\n\n\n<div inert aria-labelledby=\"accordion-item-5\" data-wp-bind--inert=\"!state.isOpen\" id=\"accordion-item-5-panel\" role=\"region\" class=\"wp-block-accordion-panel is-layout-flow wp-block-accordion-panel-is-layout-flow\">\n<p>En vertu du principe de pr\u00e9caution, le R\u00e9flexologue peut refuser de r\u00e9aliser une prestation en cas de contre-indication m\u00e9dicale au massage<\/p>\n\n\n\n<ul class=\"wp-block-list\">\n<li>Phl\u00e9bite, thrombose ou \u0153d\u00e8me lymphatique (moins d\u2019un an)<\/li>\n\n\n\n<li>Probl\u00e8mes cardiaques r\u00e9cents (moins de 6 mois)<\/li>\n\n\n\n<li>Troubles importants non stabilis\u00e9s par un traitement m\u00e9dical<\/li>\n\n\n\n<li>Infections aigu\u00ebs, fortes fi\u00e8vres, inflammations<\/li>\n\n\n\n<li>Blessures, entorses, engelures ou plaies emp\u00eachant la manipulation des pieds, mains ou oreilles<\/li>\n<\/ul>\n<\/div>\n<\/div>\n<\/div>\n<\/div>\n\n\n\n<hr class=\"wp-block-separator has-alpha-channel-opacity\"\/>\n\n\n\n<div class=\"wp-block-group alignwide is-style-section-1 has-global-padding is-layout-constrained wp-block-group-is-layout-constrained is-style-section-1--6\">\n<p>La r\u00e9flexologie s\u2019inscrit dans une d\u00e9marche de bien-\u00eatre et d\u2019accompagnement.<\/p>\n\n\n\n<p>Elle ne remplace pas un avis m\u00e9dical, un traitement ou un suivi par un professionnel de sant\u00e9.<\/p>\n\n\n\n<p>En cas de doute, n\u2019h\u00e9sitez pas \u00e0 me contacter avant de r\u00e9server.<\/p>\n<\/div>\n\n\n\n<div class=\"wp-block-buttons is-content-justification-center is-layout-flex wp-container-core-buttons-is-layout-a89b3969 wp-block-buttons-is-layout-flex\">\n<div class=\"wp-block-button\"><a class=\"wp-block-button__link wp-element-button\">Prendre rendez-vous<\/a><\/div>\n<\/div>\n","protected":false},"excerpt":{"rendered":"<p>Un moment pour rel\u00e2cher et retrouver du confort Chaque s\u00e9ance est un moment pour ralentir, rel\u00e2cher et se reconnecter \u00e0 ses ressentis. Je me d\u00e9place \u00e0 votre domicile ou en structure pour vous proposer un accompagnement adapt\u00e9 \u00e0 vos besoins, dans un cadre simple, respectueux et bienveillant. Chaque s\u00e9ance d\u00e9bute par un temps d\u2019\u00e9change. Ce [&hellip;]<\/p>\n","protected":false},"author":1,"featured_media":0,"parent":0,"menu_order":0,"comment_status":"closed","ping_status":"closed","template":"","meta":{"footnotes":""},"class_list":["post-120","page","type-page","status-publish","hentry"],"_links":{"self":[{"href":"https:\/\/www.valerie-perriguey.fr\/index.php?rest_route=\/wp\/v2\/pages\/120","targetHints":{"allow":["GET"]}}],"collection":[{"href":"https:\/\/www.valerie-perriguey.fr\/index.php?rest_route=\/wp\/v2\/pages"}],"about":[{"href":"https:\/\/www.valerie-perriguey.fr\/index.php?rest_route=\/wp\/v2\/types\/page"}],"author":[{"embeddable":true,"href":"https:\/\/www.valerie-perriguey.fr\/index.php?rest_route=\/wp\/v2\/users\/1"}],"replies":[{"embeddable":true,"href":"https:\/\/www.valerie-perriguey.fr\/index.php?rest_route=%2Fwp%2Fv2%2Fcomments&post=120"}],"version-history":[{"count":11,"href":"https:\/\/www.valerie-perriguey.fr\/index.php?rest_route=\/wp\/v2\/pages\/120\/revisions"}],"predecessor-version":[{"id":155,"href":"https:\/\/www.valerie-perriguey.fr\/index.php?rest_route=\/wp\/v2\/pages\/120\/revisions\/155"}],"wp:attachment":[{"href":"https:\/\/www.valerie-perriguey.fr\/index.php?rest_route=%2Fwp%2Fv2%2Fmedia&parent=120"}],"curies":[{"name":"wp","href":"https:\/\/api.w.org\/{rel}","templated":true}]}}