{"id":181,"date":"2026-05-08T14:38:38","date_gmt":"2026-05-08T14:38:38","guid":{"rendered":"https:\/\/www.valerie-perriguey.fr\/?page_id=181"},"modified":"2026-05-08T21:15:49","modified_gmt":"2026-05-08T21:15:49","slug":"prendre-un-rendez-vous-un-moment-pour-soi","status":"publish","type":"page","link":"https:\/\/www.valerie-perriguey.fr\/?page_id=181","title":{"rendered":"Prendre un rendez-vous"},"content":{"rendered":"\n<p class=\"is-style-text-subtitle is-style-text-subtitle--1\">S\u2019accorder un moment pour soi,<br>c\u2019est parfois simplement s\u2019arr\u00eater, respirer, rel\u00e2cher.<\/p>\n\n\n\n<p>Je me d\u00e9place \u00e0 votre domicile, en structures, en entreprises ou en lieu partenaire,<br>pour des s\u00e9ances de r\u00e9flexologie adapt\u00e9es \u00e0 vos besoins et \u00e0 votre rythme.<\/p>\n\n\n\n<hr class=\"wp-block-separator has-alpha-channel-opacity\"\/>\n\n\n\n<div class=\"wp-block-media-text alignwide is-stacked-on-mobile has-medium-font-size\"><figure class=\"wp-block-media-text__media\"><img loading=\"lazy\" decoding=\"async\" width=\"1024\" height=\"768\" src=\"https:\/\/www.valerie-perriguey.fr\/wp-content\/uploads\/2026\/05\/photo-rendez-vous-1024x768.png\" alt=\"\" class=\"wp-image-73 size-full\" srcset=\"https:\/\/www.valerie-perriguey.fr\/wp-content\/uploads\/2026\/05\/photo-rendez-vous-1024x768.png 1024w, https:\/\/www.valerie-perriguey.fr\/wp-content\/uploads\/2026\/05\/photo-rendez-vous-300x225.png 300w, https:\/\/www.valerie-perriguey.fr\/wp-content\/uploads\/2026\/05\/photo-rendez-vous-768x576.png 768w, https:\/\/www.valerie-perriguey.fr\/wp-content\/uploads\/2026\/05\/photo-rendez-vous-1536x1152.png 1536w, https:\/\/www.valerie-perriguey.fr\/wp-content\/uploads\/2026\/05\/photo-rendez-vous.png 1920w\" sizes=\"auto, (max-width: 1024px) 100vw, 1024px\" \/><\/figure><div class=\"wp-block-media-text__content\">\n<p>La prise de rendez-vous peut se faire simplement:<\/p>\n\n\n\n<p class=\"has-medium-font-size\">&#x1f518; En ligne via R\u00e9salib<br>&#x1f518; Par t\u00e9l\u00e9phone<br>&#x1f518; Sur demande pour les structures et entreprises<\/p>\n<\/div><\/div>\n\n\n\n<p class=\"has-text-align-center\"><strong>Pour les interventions en entreprise, association ou \u00e9tablissement,<br>les modalit\u00e9s sont adapt\u00e9es en fonction du lieu, du public et de l\u2019organisation<\/strong>.<\/p>\n\n\n\n<hr class=\"wp-block-separator has-alpha-channel-opacity\"\/>\n\n\n\n<p class=\"has-text-align-center is-style-text-subtitle is-style-text-subtitle--2\">Avant votre s\u00e9ance<\/p>\n\n\n\n<p class=\"has-text-align-center\">Afin de garantir un accompagnement respectueux et adapt\u00e9 \u00e0 chacun,<br>il est important de v\u00e9rifier que la r\u00e9flexologie correspond \u00e0 votre situation.<\/p>\n\n\n\n<p class=\"has-text-align-center is-style-text-subtitle is-style-text-subtitle--3\">Besoin d&rsquo;\u00e9changer?<\/p>\n\n\n\n<p class=\"has-text-align-center\">Je reste disponible pour vous renseigner, vous orienter<br>ou r\u00e9pondre \u00e0 toute demande sp\u00e9cifique.<\/p>\n\n\n\n<hr class=\"wp-block-separator has-alpha-channel-opacity\"\/>\n\n\n\n<h2 class=\"wp-block-heading alignwide has-text-align-center\">Information importante<\/h2>\n\n\n\n<p>La r\u00e9flexologie s\u2019inscrit dans une d\u00e9marche de bien-\u00eatre et d\u2019accompagnement.<\/p>\n\n\n\n<p>Elle ne remplace pas un avis m\u00e9dical, un traitement ou un suivi par un professionnel de sant\u00e9.<\/p>\n\n\n\n<p class=\"has-text-align-center\">Certaines situations peuvent n\u00e9cessiter un report ou une adaptation de la s\u00e9ance.<br>En cas de doute, n\u2019h\u00e9sitez pas \u00e0 demander conseil avant de r\u00e9server.<\/p>\n\n\n\n<hr class=\"wp-block-separator has-alpha-channel-opacity\"\/>\n\n\n\n<div class=\"wp-block-columns alignwide is-layout-flex wp-container-core-columns-is-layout-28f84493 wp-block-columns-is-layout-flex\">\n<div class=\"wp-block-column is-style-section-1 is-layout-flow wp-block-column-is-layout-flow is-style-section-1--4\">\n<h2 class=\"wp-block-heading\">Mes horaires<\/h2>\n\n\n\n<ul class=\"wp-block-list is-style-checkmark-list\">\n<li>lundi de 16h \u00e0 19h<\/li>\n\n\n\n<li style=\"padding-top:var(--wp--preset--spacing--20);padding-bottom:var(--wp--preset--spacing--20)\">mercredi 14h \u00e0 19h<\/li>\n\n\n\n<li>jeudi 9h30 \u00e0 19h <\/li>\n\n\n\n<li style=\"padding-top:var(--wp--preset--spacing--20);padding-bottom:var(--wp--preset--spacing--20)\">samedi 9h30 \u00e0 16h<\/li>\n<\/ul>\n<\/div>\n\n\n\n<div class=\"wp-block-column is-style-section-1 is-layout-flow wp-container-core-column-is-layout-84612b5d wp-block-column-is-layout-flow is-style-section-1--5\" style=\"padding-top:0px;padding-right:var(--wp--preset--spacing--30);padding-bottom:0px;padding-left:var(--wp--preset--spacing--30)\">\n<h2 class=\"wp-block-heading\">Mes coordonn\u00e9es<\/h2>\n\n\n\n<p>Mon num\u00e9ro de t\u00e9l\u00e9phone : <strong>06 68 69 98 14<\/strong><\/p>\n\n\n\n<p style=\"border-style:none;border-width:0px;padding-top:0px;padding-right:71px;padding-bottom:0px;padding-left:71px\">Merci de laisser un message si je ne suis pas joignable<\/p>\n\n\n\n<p style=\"padding-top:var(--wp--preset--spacing--20);padding-right:0;padding-bottom:var(--wp--preset--spacing--20);padding-left:0\">Mon mail: <strong>vperriguey.reflexologie@gmail.com<\/strong><\/p>\n<\/div>\n<\/div>\n\n\n\n<div class=\"wp-block-buttons is-content-justification-center is-layout-flex wp-container-core-buttons-is-layout-a89b3969 wp-block-buttons-is-layout-flex\">\n<div class=\"wp-block-button\"><a class=\"wp-block-button__link has-text-align-center wp-element-button\" href=\"https:\/\/www.resalib.fr\/praticien\/119512-valerie-perriguey-ei-reflexologue-liverdun#newrdvmodal\">Prendre rendez-vous<\/a><\/div>\n<\/div>\n\n\n\n<figure class=\"wp-block-image size-large\"><img loading=\"lazy\" decoding=\"async\" width=\"1024\" height=\"682\" src=\"https:\/\/www.valerie-perriguey.fr\/wp-content\/uploads\/2026\/05\/Gemini_Generated_Image_n7f2pnn7f2pnn7f2-3-1024x682.png\" alt=\"\" class=\"wp-image-184\" srcset=\"https:\/\/www.valerie-perriguey.fr\/wp-content\/uploads\/2026\/05\/Gemini_Generated_Image_n7f2pnn7f2pnn7f2-3-1024x682.png 1024w, https:\/\/www.valerie-perriguey.fr\/wp-content\/uploads\/2026\/05\/Gemini_Generated_Image_n7f2pnn7f2pnn7f2-3-300x200.png 300w, https:\/\/www.valerie-perriguey.fr\/wp-content\/uploads\/2026\/05\/Gemini_Generated_Image_n7f2pnn7f2pnn7f2-3-768x512.png 768w, https:\/\/www.valerie-perriguey.fr\/wp-content\/uploads\/2026\/05\/Gemini_Generated_Image_n7f2pnn7f2pnn7f2-3.png 1264w\" sizes=\"auto, (max-width: 1024px) 100vw, 1024px\" \/><\/figure>\n","protected":false},"excerpt":{"rendered":"<p>S\u2019accorder un moment pour soi,c\u2019est parfois simplement s\u2019arr\u00eater, respirer, rel\u00e2cher. Je me d\u00e9place \u00e0 votre domicile, en structures, en entreprises ou en lieu partenaire,pour des s\u00e9ances de r\u00e9flexologie adapt\u00e9es \u00e0 vos besoins et \u00e0 votre rythme. La prise de rendez-vous peut se faire simplement: &#x1f518; En ligne via R\u00e9salib&#x1f518; Par t\u00e9l\u00e9phone&#x1f518; Sur demande pour les [&hellip;]<\/p>\n","protected":false},"author":1,"featured_media":0,"parent":0,"menu_order":0,"comment_status":"closed","ping_status":"closed","template":"","meta":{"footnotes":""},"class_list":["post-181","page","type-page","status-publish","hentry"],"_links":{"self":[{"href":"https:\/\/www.valerie-perriguey.fr\/index.php?rest_route=\/wp\/v2\/pages\/181","targetHints":{"allow":["GET"]}}],"collection":[{"href":"https:\/\/www.valerie-perriguey.fr\/index.php?rest_route=\/wp\/v2\/pages"}],"about":[{"href":"https:\/\/www.valerie-perriguey.fr\/index.php?rest_route=\/wp\/v2\/types\/page"}],"author":[{"embeddable":true,"href":"https:\/\/www.valerie-perriguey.fr\/index.php?rest_route=\/wp\/v2\/users\/1"}],"replies":[{"embeddable":true,"href":"https:\/\/www.valerie-perriguey.fr\/index.php?rest_route=%2Fwp%2Fv2%2Fcomments&post=181"}],"version-history":[{"count":3,"href":"https:\/\/www.valerie-perriguey.fr\/index.php?rest_route=\/wp\/v2\/pages\/181\/revisions"}],"predecessor-version":[{"id":210,"href":"https:\/\/www.valerie-perriguey.fr\/index.php?rest_route=\/wp\/v2\/pages\/181\/revisions\/210"}],"wp:attachment":[{"href":"https:\/\/www.valerie-perriguey.fr\/index.php?rest_route=%2Fwp%2Fv2%2Fmedia&parent=181"}],"curies":[{"name":"wp","href":"https:\/\/api.w.org\/{rel}","templated":true}]}}