{"id":195,"date":"2026-05-08T20:58:13","date_gmt":"2026-05-08T20:58:13","guid":{"rendered":"https:\/\/www.valerie-perriguey.fr\/?page_id=195"},"modified":"2026-05-08T20:58:13","modified_gmt":"2026-05-08T20:58:13","slug":"ateliers-de-reflexologie","status":"publish","type":"page","link":"https:\/\/www.valerie-perriguey.fr\/?page_id=195","title":{"rendered":"Ateliers de r\u00e9flexologie"},"content":{"rendered":"\n<p class=\"has-text-align-center is-style-text-subtitle has-medium-font-size is-style-text-subtitle--1\"><strong>Un moment \u00e0 partager, pour se d\u00e9tendre et prendre soin de soi<\/strong><\/p>\n\n\n\n<figure class=\"wp-block-image alignwide size-large has-custom-border\" style=\"margin-right:0;margin-left:0\"><img loading=\"lazy\" decoding=\"async\" width=\"1919\" height=\"1080\" src=\"https:\/\/www.valerie-perriguey.fr\/wp-content\/uploads\/2026\/05\/33d0c2d8-12c8-48ad-b998-9f03dca4ad36.jpg1_-edited.jpg\" alt=\"\" class=\"wp-image-201\" style=\"border-style:none;border-width:0px\" srcset=\"https:\/\/www.valerie-perriguey.fr\/wp-content\/uploads\/2026\/05\/33d0c2d8-12c8-48ad-b998-9f03dca4ad36.jpg1_-edited.jpg 1919w, https:\/\/www.valerie-perriguey.fr\/wp-content\/uploads\/2026\/05\/33d0c2d8-12c8-48ad-b998-9f03dca4ad36.jpg1_-edited-300x169.jpg 300w, https:\/\/www.valerie-perriguey.fr\/wp-content\/uploads\/2026\/05\/33d0c2d8-12c8-48ad-b998-9f03dca4ad36.jpg1_-edited-1024x576.jpg 1024w, https:\/\/www.valerie-perriguey.fr\/wp-content\/uploads\/2026\/05\/33d0c2d8-12c8-48ad-b998-9f03dca4ad36.jpg1_-edited-768x432.jpg 768w, https:\/\/www.valerie-perriguey.fr\/wp-content\/uploads\/2026\/05\/33d0c2d8-12c8-48ad-b998-9f03dca4ad36.jpg1_-edited-1536x864.jpg 1536w\" sizes=\"auto, (max-width: 1919px) 100vw, 1919px\" \/><\/figure>\n\n\n\n<p class=\"has-text-align-center\">La r\u00e9flexologie est bien plus qu\u2019un moment de d\u00e9tente.<\/p>\n\n\n\n<p class=\"has-text-align-center\">C\u2019est une fa\u00e7on de se reconnecter \u00e0 soi,<br>mais aussi de cr\u00e9er du lien avec les autres,<br>\u00e0 travers des gestes simples et accessibles.<\/p>\n\n\n\n<hr class=\"wp-block-separator has-alpha-channel-opacity\"\/>\n\n\n\n<h2 class=\"wp-block-heading alignwide has-text-align-center\">Les objectifs<\/h2>\n\n\n\n<div class=\"wp-block-columns is-layout-flex wp-container-core-columns-is-layout-28f84493 wp-block-columns-is-layout-flex\">\n<div class=\"wp-block-column is-layout-flow wp-block-column-is-layout-flow\">\n<p><strong>Mieux-\u00eatre<\/strong><br>Apporter plus de confort au quotidien<\/p>\n<\/div>\n\n\n\n<div class=\"wp-block-column is-layout-flow wp-block-column-is-layout-flow\">\n<p><strong>Partage<\/strong><br>Cr\u00e9er des moments d\u2019\u00e9change<\/p>\n<\/div>\n\n\n\n<div class=\"wp-block-column is-layout-flow wp-block-column-is-layout-flow\">\n<p><strong>Autonomie<\/strong><br>Repartir avec des gestes simples<\/p>\n<\/div>\n<\/div>\n\n\n\n<hr class=\"wp-block-separator has-alpha-channel-opacity\"\/>\n\n\n\n<div class=\"wp-block-group alignwide is-style-section-1 has-global-padding is-layout-constrained wp-block-group-is-layout-constrained is-style-section-1--2\">\n<h2 class=\"wp-block-heading alignwide has-text-align-center\">Une approche simple et accessible<\/h2>\n\n\n\n<p>\u00c0 travers mes ateliers, je propose une approche douce, humaine et accessible \u00e0 tous.<\/p>\n\n\n\n<p>Les gestes sont simples, reproductibles chez soi,<br>dans une ambiance conviviale et sans pression.<\/p>\n<\/div>\n\n\n\n<hr class=\"wp-block-separator has-alpha-channel-opacity\"\/>\n\n\n\n<h2 class=\"wp-block-heading alignwide has-text-align-center\">Ateliers de groupe \u2013 Pour les particuliers<\/h2>\n\n\n\n<div class=\"wp-block-media-text alignwide is-stacked-on-mobile\"><figure class=\"wp-block-media-text__media\"><img loading=\"lazy\" decoding=\"async\" width=\"1024\" height=\"683\" src=\"https:\/\/www.valerie-perriguey.fr\/wp-content\/uploads\/2026\/05\/IMG_9605-1-1024x683.png\" alt=\"\" class=\"wp-image-198 size-full\" srcset=\"https:\/\/www.valerie-perriguey.fr\/wp-content\/uploads\/2026\/05\/IMG_9605-1-1024x683.png 1024w, https:\/\/www.valerie-perriguey.fr\/wp-content\/uploads\/2026\/05\/IMG_9605-1-300x200.png 300w, https:\/\/www.valerie-perriguey.fr\/wp-content\/uploads\/2026\/05\/IMG_9605-1-768x512.png 768w, https:\/\/www.valerie-perriguey.fr\/wp-content\/uploads\/2026\/05\/IMG_9605-1.png 1536w\" sizes=\"auto, (max-width: 1024px) 100vw, 1024px\" \/><\/figure><div class=\"wp-block-media-text__content\">\n<p>Ces ateliers sont ouverts \u00e0 tous :<\/p>\n\n\n\n<p>\u2022 amis<br>\u2022 familles<br>\u2022 bin\u00f4mes<br>\u2022 proches aidants<\/p>\n\n\n\n<p>&#x1f449; pour partager un moment simple et agr\u00e9able<\/p>\n<\/div><\/div>\n\n\n\n<hr class=\"wp-block-separator has-alpha-channel-opacity\"\/>\n\n\n\n<div class=\"wp-block-columns alignwide is-layout-flex wp-container-core-columns-is-layout-28f84493 wp-block-columns-is-layout-flex\">\n<div class=\"wp-block-column is-layout-flow wp-block-column-is-layout-flow\">\n<h2 class=\"wp-block-heading has-text-align-center\">Objectifs<\/h2>\n\n\n\n<ul class=\"wp-block-list is-style-checkmark-list\">\n<li>apprendre des gestes simples en bin\u00f4me<\/li>\n\n\n\n<li>partager un moment de d\u00e9tente<\/li>\n\n\n\n<li>renforcer le lien avec l\u2019autre<\/li>\n\n\n\n<li>d\u00e9couvrir la r\u00e9flexologie autrement<\/li>\n<\/ul>\n<\/div>\n\n\n\n<div class=\"wp-block-column is-layout-flow wp-block-column-is-layout-flow\">\n<h2 class=\"wp-block-heading has-text-align-center\">Programme<\/h2>\n\n\n\n<ul class=\"wp-block-list is-style-checkmark-list\">\n<li>r\u00e9flexologie palmaire\/plantaire\/visage<\/li>\n\n\n\n<li>auto-massage<\/li>\n\n\n\n<li>relaxation guid\u00e9e<\/li>\n\n\n\n<li>respiration<\/li>\n\n\n\n<li>mouvements doux<\/li>\n<\/ul>\n<\/div>\n<\/div>\n\n\n\n<hr class=\"wp-block-separator has-alpha-channel-opacity\"\/>\n\n\n\n<div class=\"wp-block-media-text alignwide is-stacked-on-mobile\" style=\"grid-template-columns:66% auto\"><figure class=\"wp-block-media-text__media\"><img loading=\"lazy\" decoding=\"async\" width=\"724\" height=\"1024\" src=\"https:\/\/www.valerie-perriguey.fr\/wp-content\/uploads\/2026\/05\/flyer-atelier-adultes-724x1024.png\" alt=\"\" class=\"wp-image-199 size-full\" srcset=\"https:\/\/www.valerie-perriguey.fr\/wp-content\/uploads\/2026\/05\/flyer-atelier-adultes-724x1024.png 724w, https:\/\/www.valerie-perriguey.fr\/wp-content\/uploads\/2026\/05\/flyer-atelier-adultes-212x300.png 212w, https:\/\/www.valerie-perriguey.fr\/wp-content\/uploads\/2026\/05\/flyer-atelier-adultes-768x1086.png 768w, https:\/\/www.valerie-perriguey.fr\/wp-content\/uploads\/2026\/05\/flyer-atelier-adultes-1086x1536.png 1086w, https:\/\/www.valerie-perriguey.fr\/wp-content\/uploads\/2026\/05\/flyer-atelier-adultes.png 1414w\" sizes=\"auto, (max-width: 724px) 100vw, 724px\" \/><\/figure><div class=\"wp-block-media-text__content\">\n<p class=\"has-medium-font-size\">Dur\u00e9e : 1h \u00e0 1h30<br>Format : petits groupes<br>Lieu : \u00e0 domicile ou en salle<\/p>\n\n\n\n<hr class=\"wp-block-separator has-alpha-channel-opacity\"\/>\n<\/div><\/div>\n\n\n\n<h2 class=\"wp-block-heading alignwide has-text-align-center\">ATELIERS en  ENTREPRISE (QVT)<\/h2>\n\n\n\n<p class=\"is-style-text-subtitle is-style-text-subtitle--3\">Des interventions adapt\u00e9es pour offrir une pause au c\u0153ur du travail.<\/p>\n\n\n\n<div class=\"wp-block-columns alignwide is-layout-flex wp-container-core-columns-is-layout-28f84493 wp-block-columns-is-layout-flex\">\n<div class=\"wp-block-column is-layout-flow wp-block-column-is-layout-flow\">\n<h2 class=\"wp-block-heading has-text-align-center\">Objectifs<\/h2>\n\n\n\n<ul class=\"wp-block-list is-style-checkmark-list\">\n<li> Comprendre le stress<\/li>\n\n\n\n<li>Rep\u00e9rer ses signaux d\u2019alerte<\/li>\n\n\n\n<li>Tester des techniques simples<\/li>\n\n\n\n<li>Retrouver rapidement le calme<\/li>\n<\/ul>\n<\/div>\n\n\n\n<div class=\"wp-block-column is-layout-flow wp-block-column-is-layout-flow\">\n<h2 class=\"wp-block-heading has-text-align-center\">Formats possibles <\/h2>\n\n\n\n<ul class=\"wp-block-list is-style-checkmark-list\">\n<li>ateliers collectifs<\/li>\n\n\n\n<li>s\u00e9ances individuelles<\/li>\n\n\n\n<li>interventions r\u00e9guli\u00e8res<\/li>\n<\/ul>\n<\/div>\n<\/div>\n\n\n\n<hr class=\"wp-block-separator has-alpha-channel-opacity\"\/>\n\n\n\n<div class=\"wp-block-media-text alignwide has-media-on-the-right is-stacked-on-mobile\"><div class=\"wp-block-media-text__content\">\n<p><strong>Mise en pratique incluse<\/strong><\/p>\n\n\n\n<div class=\"wp-block-group has-global-padding is-layout-constrained wp-block-group-is-layout-constrained\">\n<ul class=\"wp-block-list\">\n<li>Auto-massage<\/li>\n\n\n\n<li>Relaxation guid\u00e9e<\/li>\n\n\n\n<li>Mini bo\u00eete \u00e0 outils anti-stress<\/li>\n<\/ul>\n<\/div>\n\n\n\n<p><strong>Format adaptable :<\/strong><\/p>\n\n\n\n<ul class=\"wp-block-list\">\n<li>En groupe ou en individuel<\/li>\n\n\n\n<li>Demi-journ\u00e9e<\/li>\n\n\n\n<li>Journ\u00e9e QVT<\/li>\n\n\n\n<li>Semaine bien-\u00eatre<\/li>\n<\/ul>\n<\/div><figure class=\"wp-block-media-text__media\"><img loading=\"lazy\" decoding=\"async\" width=\"1024\" height=\"768\" src=\"https:\/\/www.valerie-perriguey.fr\/wp-content\/uploads\/2026\/05\/image-bureau-1024x768.png\" alt=\"\" class=\"wp-image-200 size-full\" srcset=\"https:\/\/www.valerie-perriguey.fr\/wp-content\/uploads\/2026\/05\/image-bureau-1024x768.png 1024w, https:\/\/www.valerie-perriguey.fr\/wp-content\/uploads\/2026\/05\/image-bureau-300x225.png 300w, https:\/\/www.valerie-perriguey.fr\/wp-content\/uploads\/2026\/05\/image-bureau-768x576.png 768w, https:\/\/www.valerie-perriguey.fr\/wp-content\/uploads\/2026\/05\/image-bureau-1536x1152.png 1536w, https:\/\/www.valerie-perriguey.fr\/wp-content\/uploads\/2026\/05\/image-bureau.png 1920w\" sizes=\"auto, (max-width: 1024px) 100vw, 1024px\" \/><\/figure><\/div>\n\n\n\n<p class=\"has-text-align-center is-style-text-subtitle is-style-text-subtitle--4\">Un geste simple et humain pour prendre soin de vos \u00e9quipes<\/p>\n\n\n\n<p><strong>Sur site<\/strong> : salle calme, espace d\u00e9di\u00e9 ou bureau transform\u00e9 le temps d\u2019une s\u00e9ance.<br><strong>Tarif<\/strong> : sur devis \u2013 contactez-moi pour une proposition adapt\u00e9e \u00e0 votre structure.<\/p>\n","protected":false},"excerpt":{"rendered":"<p>Un moment \u00e0 partager, pour se d\u00e9tendre et prendre soin de soi La r\u00e9flexologie est bien plus qu\u2019un moment de d\u00e9tente. C\u2019est une fa\u00e7on de se reconnecter \u00e0 soi,mais aussi de cr\u00e9er du lien avec les autres,\u00e0 travers des gestes simples et accessibles. Les objectifs Mieux-\u00eatreApporter plus de confort au quotidien PartageCr\u00e9er des moments d\u2019\u00e9change [&hellip;]<\/p>\n","protected":false},"author":1,"featured_media":0,"parent":0,"menu_order":0,"comment_status":"closed","ping_status":"closed","template":"","meta":{"footnotes":""},"class_list":["post-195","page","type-page","status-publish","hentry"],"_links":{"self":[{"href":"https:\/\/www.valerie-perriguey.fr\/index.php?rest_route=\/wp\/v2\/pages\/195","targetHints":{"allow":["GET"]}}],"collection":[{"href":"https:\/\/www.valerie-perriguey.fr\/index.php?rest_route=\/wp\/v2\/pages"}],"about":[{"href":"https:\/\/www.valerie-perriguey.fr\/index.php?rest_route=\/wp\/v2\/types\/page"}],"author":[{"embeddable":true,"href":"https:\/\/www.valerie-perriguey.fr\/index.php?rest_route=\/wp\/v2\/users\/1"}],"replies":[{"embeddable":true,"href":"https:\/\/www.valerie-perriguey.fr\/index.php?rest_route=%2Fwp%2Fv2%2Fcomments&post=195"}],"version-history":[{"count":1,"href":"https:\/\/www.valerie-perriguey.fr\/index.php?rest_route=\/wp\/v2\/pages\/195\/revisions"}],"predecessor-version":[{"id":202,"href":"https:\/\/www.valerie-perriguey.fr\/index.php?rest_route=\/wp\/v2\/pages\/195\/revisions\/202"}],"wp:attachment":[{"href":"https:\/\/www.valerie-perriguey.fr\/index.php?rest_route=%2Fwp%2Fv2%2Fmedia&parent=195"}],"curies":[{"name":"wp","href":"https:\/\/api.w.org\/{rel}","templated":true}]}}