{"id":212,"date":"2026-05-13T13:25:39","date_gmt":"2026-05-13T13:25:39","guid":{"rendered":"https:\/\/www.valerie-perriguey.fr\/?page_id=212"},"modified":"2026-05-15T21:57:44","modified_gmt":"2026-05-15T21:57:44","slug":"tarifs-des-seances","status":"publish","type":"page","link":"https:\/\/www.valerie-perriguey.fr\/?page_id=212","title":{"rendered":"Tarifs des s\u00e9ances"},"content":{"rendered":"\n<p class=\"is-style-text-subtitle is-style-text-subtitle--1\">Des accompagnements adapt\u00e9s \u00e0 chacun, en toute simplicit\u00e9<\/p>\n\n\n\n<p>Chaque s\u00e9ance commence par un temps d\u2019\u00e9change pour comprendre vos besoins et adapter les gestes \u00e0 votre sensibilit\u00e9 du moment.<\/p>\n\n\n\n<p>Les s\u00e9ances sont propos\u00e9es \u00e0 domicile ou en \u00e9tablissement, dans le respect de votre confort.<\/p>\n\n\n\n<div class=\"wp-block-buttons is-content-justification-center is-layout-flex wp-container-core-buttons-is-layout-a89b3969 wp-block-buttons-is-layout-flex\">\n<div class=\"wp-block-button\"><a class=\"wp-block-button__link wp-element-button\" href=\"https:\/\/www.resalib.fr\/praticien\/119512-valerie-perriguey-ei-reflexologue-liverdun#newrdvmodal\">Prendre rendez-vous en ligne<\/a><\/div>\n<\/div>\n\n\n\n<h2 class=\"wp-block-heading alignwide has-text-align-center\">S\u00e9ances individuelles<\/h2>\n\n\n\n<hr class=\"wp-block-separator has-alpha-channel-opacity\"\/>\n\n\n\n<div class=\"wp-block-media-text alignwide is-stacked-on-mobile is-image-fill-element\" style=\"grid-template-columns:42% auto\"><figure class=\"wp-block-media-text__media\"><img loading=\"lazy\" decoding=\"async\" width=\"1024\" height=\"697\" src=\"https:\/\/www.valerie-perriguey.fr\/wp-content\/uploads\/2026\/04\/water-lily-3784022_1920-1-1024x697.jpg\" alt=\"\" class=\"wp-image-26 size-full\" style=\"object-position:66% 50%\" srcset=\"https:\/\/www.valerie-perriguey.fr\/wp-content\/uploads\/2026\/04\/water-lily-3784022_1920-1-1024x697.jpg 1024w, https:\/\/www.valerie-perriguey.fr\/wp-content\/uploads\/2026\/04\/water-lily-3784022_1920-1-300x204.jpg 300w, https:\/\/www.valerie-perriguey.fr\/wp-content\/uploads\/2026\/04\/water-lily-3784022_1920-1-768x523.jpg 768w, https:\/\/www.valerie-perriguey.fr\/wp-content\/uploads\/2026\/04\/water-lily-3784022_1920-1-1536x1046.jpg 1536w, https:\/\/www.valerie-perriguey.fr\/wp-content\/uploads\/2026\/04\/water-lily-3784022_1920-1.jpg 1920w\" sizes=\"auto, (max-width: 1024px) 100vw, 1024px\" \/><\/figure><div class=\"wp-block-media-text__content\">\n<p><strong>S\u00e9ance individuelle-adultes<\/strong>    <strong>60\u20ac  <\/strong>                        <\/p>\n\n\n\n<p>&#x1f552; 60 min<\/p>\n\n\n\n<p class=\"has-small-font-size\">Travail sur les zones r\u00e9flexes des pieds ou des mains selon les besoins<\/p>\n\n\n\n<hr class=\"wp-block-separator has-alpha-channel-opacity\"\/>\n\n\n\n<p><strong>S\u00e9ance enfants\/adolescents<\/strong>    <strong>40\u20ac<\/strong><\/p>\n\n\n\n<p>&#x1f552; 30 min<\/p>\n\n\n\n<p class=\"has-small-font-size\">S\u00e9ance douce et adapt\u00e9e \u00e0 l\u2019\u00e2ge, dans un cadre rassurant<br><\/p>\n\n\n\n<p><strong>S\u00e9ance adapt\u00e9e s\u00e9nior\/personne fragilis\u00e9e<\/strong>                                               <strong>60\u20ac<\/strong><\/p>\n\n\n\n<p>&#x1f552; 20 \u00e0 60 min<\/p>\n\n\n\n<p class=\"has-small-font-size\">S\u00e9ance ajust\u00e9e au rythme de la personne, avec une approche douce et respectueuse.<\/p>\n\n\n\n<p><strong>R\u00e9flexologie Tha\u00eflandaise<\/strong>        <strong>60\u20ac<\/strong><\/p>\n\n\n\n<p>&#x1f552; 60 min<\/p>\n\n\n\n<p class=\"has-small-font-size\">S\u00e9ance orient\u00e9e vers une relaxation profonde, avec un travail sur les pieds et les jambes.<\/p>\n<\/div><\/div>\n\n\n\n<hr class=\"wp-block-separator has-alpha-channel-opacity\"\/>\n\n\n\n<h2 class=\"wp-block-heading alignwide has-text-align-center\">Forfait bien-\u00eatre                                   200 \u20ac<\/h2>\n\n\n\n<p>&#x1f552; 4 s\u00e9ances de 60 min<\/p>\n\n\n\n<p>Pour un accompagnement r\u00e9gulier et s\u2019inscrire dans la dur\u00e9e.<\/p>\n\n\n\n<p>&#x2714; valable 1 an<br>&#x2714; permet de prolonger les effets des s\u00e9ances<\/p>\n\n\n\n<h2 class=\"wp-block-heading alignwide has-text-align-center\">Les ateliers<\/h2>\n\n\n\n<hr class=\"wp-block-separator has-alpha-channel-opacity\"\/>\n\n\n\n<div class=\"wp-block-media-text alignwide has-media-on-the-right is-stacked-on-mobile\" style=\"grid-template-columns:auto 48%\"><div class=\"wp-block-media-text__content\">\n<p><strong>Ateliers particuliers<\/strong>      8 \u20ac \/ pers<\/p>\n\n\n\n<p>&#x1f552; 1h \u00e0 1h30<\/p>\n\n\n\n<p class=\"has-small-font-size\">Groupes \u00e0 partir de 6 participants<\/p>\n\n\n\n<hr class=\"wp-block-separator has-alpha-channel-opacity\"\/>\n\n\n\n<p class=\"has-small-font-size\">D\u00e9couverte de la r\u00e9flexologie et relaxation<br>Apprentissage de gestes simples \u00e0 reproduire chez soi<br>Ambiance conviviale et bienveillante<\/p>\n\n\n\n<p>&#x1f449; ateliers en bin\u00f4me, en famille ou entre amis<\/p>\n\n\n\n<hr class=\"wp-block-separator has-alpha-channel-opacity\"\/>\n\n\n\n<p><strong>Ateliers \u2013 structures et professionnel<\/strong>s<\/p>\n\n\n\n<p>Tarifs sur devis       &#x1f552;Dur\u00e9e adaptable<br><\/p>\n\n\n\n<ul class=\"wp-block-list\">\n<li class=\"has-small-font-size\">s\u00e9ances individuelles ou en groupe (jusqu\u2019\u00e0 10 personnes)<\/li>\n\n\n\n<li class=\"has-small-font-size\">interventions en entreprises, cr\u00e8ches, \u00e9coles, EHPAD<\/li>\n\n\n\n<li class=\"has-small-font-size\">moment de d\u00e9tente et de pause adapt\u00e9 au public<\/li>\n<\/ul>\n<\/div><figure class=\"wp-block-media-text__media\"><img loading=\"lazy\" decoding=\"async\" width=\"1024\" height=\"768\" src=\"https:\/\/www.valerie-perriguey.fr\/wp-content\/uploads\/2026\/05\/idee-photo-pour-le-site-1024x768.png\" alt=\"\" class=\"wp-image-234 size-full\" srcset=\"https:\/\/www.valerie-perriguey.fr\/wp-content\/uploads\/2026\/05\/idee-photo-pour-le-site-1024x768.png 1024w, https:\/\/www.valerie-perriguey.fr\/wp-content\/uploads\/2026\/05\/idee-photo-pour-le-site-300x225.png 300w, https:\/\/www.valerie-perriguey.fr\/wp-content\/uploads\/2026\/05\/idee-photo-pour-le-site-768x576.png 768w, https:\/\/www.valerie-perriguey.fr\/wp-content\/uploads\/2026\/05\/idee-photo-pour-le-site-1536x1152.png 1536w, https:\/\/www.valerie-perriguey.fr\/wp-content\/uploads\/2026\/05\/idee-photo-pour-le-site.png 1920w\" sizes=\"auto, (max-width: 1024px) 100vw, 1024px\" \/><\/figure><\/div>\n\n\n\n<p><strong>Mat\u00e9riel fourni \u2013 adaptation selon le lieu et les besoins<\/strong><\/p>\n\n\n\n<h2 class=\"wp-block-heading alignwide has-text-align-center\">Une approche personnalis\u00e9e<\/h2>\n\n\n\n<p>Chaque s\u00e9ance est adapt\u00e9e en fonction de votre ressenti, de votre rythme et de vos besoins.<\/p>\n\n\n\n<p>Les techniques compl\u00e9mentaires (auriculaire, Dien Chan, points d\u2019acupression) peuvent \u00eatre int\u00e9gr\u00e9es au fil des s\u00e9ances, sans suppl\u00e9ment.<\/p>\n\n\n\n<hr class=\"wp-block-separator has-alpha-channel-opacity\"\/>\n\n\n\n<p>Les tarifs peuvent \u00eatre ajust\u00e9s selon le contexte, le d\u00e9placement ou le format (groupe, structure\u2026).<\/p>\n\n\n\n<p>N\u2019h\u00e9sitez pas \u00e0 <a href=\"https:\/\/www.valerie-perriguey.fr\/?page_id=181\/#contact\" data-type=\"page\" data-id=\"181\">me contacter<\/a> pour toute demande sp\u00e9cifique.<\/p>\n\n\n\n<div class=\"wp-block-buttons is-content-justification-center is-layout-flex wp-container-core-buttons-is-layout-a89b3969 wp-block-buttons-is-layout-flex\">\n<div class=\"wp-block-button\"><a class=\"wp-block-button__link wp-element-button\" href=\"https:\/\/www.resalib.fr\/praticien\/119512-valerie-perriguey-ei-reflexologue-liverdun#newrdvmodal\">Prendre rendez-vous<\/a><\/div>\n<\/div>\n\n\n\n<p class=\"has-text-align-right\">Retour \u00e0 l&rsquo;<a href=\"https:\/\/www.valerie-perriguey.fr\/\" data-type=\"page\" data-id=\"268\">Accueil<\/a><\/p>\n","protected":false},"excerpt":{"rendered":"<p>Des accompagnements adapt\u00e9s \u00e0 chacun, en toute simplicit\u00e9 Chaque s\u00e9ance commence par un temps d\u2019\u00e9change pour comprendre vos besoins et adapter les gestes \u00e0 votre sensibilit\u00e9 du moment. Les s\u00e9ances sont propos\u00e9es \u00e0 domicile ou en \u00e9tablissement, dans le respect de votre confort. S\u00e9ances individuelles Forfait bien-\u00eatre 200 \u20ac &#x1f552; 4 s\u00e9ances de 60 min [&hellip;]<\/p>\n","protected":false},"author":1,"featured_media":0,"parent":0,"menu_order":0,"comment_status":"closed","ping_status":"closed","template":"","meta":{"footnotes":""},"class_list":["post-212","page","type-page","status-publish","hentry"],"_links":{"self":[{"href":"https:\/\/www.valerie-perriguey.fr\/index.php?rest_route=\/wp\/v2\/pages\/212","targetHints":{"allow":["GET"]}}],"collection":[{"href":"https:\/\/www.valerie-perriguey.fr\/index.php?rest_route=\/wp\/v2\/pages"}],"about":[{"href":"https:\/\/www.valerie-perriguey.fr\/index.php?rest_route=\/wp\/v2\/types\/page"}],"author":[{"embeddable":true,"href":"https:\/\/www.valerie-perriguey.fr\/index.php?rest_route=\/wp\/v2\/users\/1"}],"replies":[{"embeddable":true,"href":"https:\/\/www.valerie-perriguey.fr\/index.php?rest_route=%2Fwp%2Fv2%2Fcomments&post=212"}],"version-history":[{"count":20,"href":"https:\/\/www.valerie-perriguey.fr\/index.php?rest_route=\/wp\/v2\/pages\/212\/revisions"}],"predecessor-version":[{"id":396,"href":"https:\/\/www.valerie-perriguey.fr\/index.php?rest_route=\/wp\/v2\/pages\/212\/revisions\/396"}],"wp:attachment":[{"href":"https:\/\/www.valerie-perriguey.fr\/index.php?rest_route=%2Fwp%2Fv2%2Fmedia&parent=212"}],"curies":[{"name":"wp","href":"https:\/\/api.w.org\/{rel}","templated":true}]}}