{"id":268,"date":"2026-05-14T15:32:49","date_gmt":"2026-05-14T15:32:49","guid":{"rendered":"https:\/\/www.valerie-perriguey.fr\/?page_id=268"},"modified":"2026-05-15T20:58:23","modified_gmt":"2026-05-15T20:58:23","slug":"accueil","status":"publish","type":"page","link":"https:\/\/www.valerie-perriguey.fr\/","title":{"rendered":"Accueil"},"content":{"rendered":"\n<h2 class=\"wp-block-heading alignwide has-text-align-center is-style-default\">Offrez \u00e0 votre corps un moment de r\u00e9pit<\/h2>\n\n\n\n<p class=\"has-text-align-center\">Apaiser. Retrouver du confort. Respirer\u2026 en toute bienveillance.<\/p>\n\n\n\n<h2 class=\"wp-block-heading alignwide has-text-align-center\">Message de votre R\u00e9flexologue<\/h2>\n\n\n\n<hr class=\"wp-block-separator has-alpha-channel-opacity\"\/>\n\n\n\n<div class=\"wp-block-media-text alignwide is-stacked-on-mobile is-image-fill-element\"><figure class=\"wp-block-media-text__media\"><img loading=\"lazy\" decoding=\"async\" width=\"1024\" height=\"681\" src=\"https:\/\/www.valerie-perriguey.fr\/wp-content\/uploads\/2026\/05\/sean-oulashin-KMn4VEeEPR8-unsplash-1024x681.jpg\" alt=\"\" class=\"wp-image-71 size-full\" style=\"object-position:50% 50%\" srcset=\"https:\/\/www.valerie-perriguey.fr\/wp-content\/uploads\/2026\/05\/sean-oulashin-KMn4VEeEPR8-unsplash-1024x681.jpg 1024w, https:\/\/www.valerie-perriguey.fr\/wp-content\/uploads\/2026\/05\/sean-oulashin-KMn4VEeEPR8-unsplash-300x199.jpg 300w, https:\/\/www.valerie-perriguey.fr\/wp-content\/uploads\/2026\/05\/sean-oulashin-KMn4VEeEPR8-unsplash-768x511.jpg 768w, https:\/\/www.valerie-perriguey.fr\/wp-content\/uploads\/2026\/05\/sean-oulashin-KMn4VEeEPR8-unsplash-1536x1021.jpg 1536w, https:\/\/www.valerie-perriguey.fr\/wp-content\/uploads\/2026\/05\/sean-oulashin-KMn4VEeEPR8-unsplash-2048x1361.jpg 2048w\" sizes=\"auto, (max-width: 1024px) 100vw, 1024px\" \/><\/figure><div class=\"wp-block-media-text__content\">\n<p>Suite \u00e0 un changement d&rsquo;h\u00e9bergeur, mon nouveau site est en cours de cr\u00e9ation, l&rsquo;ancien ayant \u00e9t\u00e9 supprim\u00e9. Je vous remercie pour votre compr\u00e9hension.<\/p>\n\n\n\n<p><strong>Je reste bien s\u00fbr disponible pour tous renseignements<\/strong>, vous pouvez me contacter par t\u00e9l\u00e9phone ou par mail<\/p>\n<\/div><\/div>\n\n\n\n<hr class=\"wp-block-separator has-alpha-channel-opacity\"\/>\n\n\n\n<div class=\"wp-block-media-text alignwide has-media-on-the-right is-stacked-on-mobile\" style=\"grid-template-columns:auto 35%\"><div class=\"wp-block-media-text__content\">\n<p>Je suis <strong>Val\u00e9rie Perriguey<\/strong>, r\u00e9flexologue \u00e0 Liverdun.<br>J\u2019accompagne les enfants, les adultes et les seniors avec une approche douce, personnalis\u00e9e et respectueuse du rythme de chacun.<\/p>\n\n\n\n<div class=\"wp-block-group is-nowrap is-layout-flex wp-container-core-group-is-layout-6c531013 wp-block-group-is-layout-flex\">\n<p>J\u2019interviens <strong>\u00e0 domicile<\/strong>, en <strong>\u00e9tablissements<\/strong>, en <strong>associations<\/strong> et aupr\u00e8s des familles, sur <strong>Liverdun, Nancy, Toul et les communes environnantes<\/strong>.<\/p>\n<\/div>\n\n\n\n<p>&#x1f449; Mon intention : vous aider \u00e0 retrouver plus de confort dans votre corps et dans votre quotidien.<\/p>\n<\/div><figure class=\"wp-block-media-text__media\"><img loading=\"lazy\" decoding=\"async\" width=\"683\" height=\"1024\" src=\"https:\/\/www.valerie-perriguey.fr\/wp-content\/uploads\/2026\/04\/Portraits-Valerie-683x1024.jpg\" alt=\"\" class=\"wp-image-11 size-full\" srcset=\"https:\/\/www.valerie-perriguey.fr\/wp-content\/uploads\/2026\/04\/Portraits-Valerie-683x1024.jpg 683w, https:\/\/www.valerie-perriguey.fr\/wp-content\/uploads\/2026\/04\/Portraits-Valerie-200x300.jpg 200w, https:\/\/www.valerie-perriguey.fr\/wp-content\/uploads\/2026\/04\/Portraits-Valerie-768x1152.jpg 768w, https:\/\/www.valerie-perriguey.fr\/wp-content\/uploads\/2026\/04\/Portraits-Valerie-1024x1536.jpg 1024w, https:\/\/www.valerie-perriguey.fr\/wp-content\/uploads\/2026\/04\/Portraits-Valerie-1365x2048.jpg 1365w, https:\/\/www.valerie-perriguey.fr\/wp-content\/uploads\/2026\/04\/Portraits-Valerie-scaled.jpg 1707w\" sizes=\"auto, (max-width: 683px) 100vw, 683px\" \/><\/figure><\/div>\n\n\n\n<hr class=\"wp-block-separator has-alpha-channel-opacity\"\/>\n\n\n\n<h2 class=\"wp-block-heading alignwide has-text-align-center\" style=\"padding-right:var(--wp--preset--spacing--20);padding-left:var(--wp--preset--spacing--20)\">Retrouver du mieux-\u00eatre au quotidien gr\u00e2ce \u00e0 la r\u00e9flexologie<\/h2>\n\n\n\n<p style=\"padding-right:var(--wp--preset--spacing--20);padding-left:var(--wp--preset--spacing--20)\">La r\u00e9flexologie est une approche manuelle douce bas\u00e9e sur la stimulation de zones situ\u00e9es sur les pieds, les mains ou le visage.<\/p>\n\n\n\n<p style=\"padding-right:var(--wp--preset--spacing--20);padding-left:var(--wp--preset--spacing--20)\">Elle favorise la d\u00e9tente, aide \u00e0 rel\u00e2cher les tensions et permet de retrouver un meilleur \u00e9quilibre au quotidien.<\/p>\n\n\n\n<p style=\"padding-right:var(--wp--preset--spacing--20);padding-left:var(--wp--preset--spacing--20)\">Elle peut accompagner les personnes qui ressentent :<\/p>\n\n\n\n<p class=\"has-text-align-center\">&#x2714; stress ou surcharge mentale<br>&#x2714; fatigue physique ou nerveuse<br>&#x2714; tensions corporelles<br>&#x2714; sommeil perturb\u00e9<br>&#x2714; inconforts digestifs<br>&#x2714; besoin de souffler et de se recentrer<\/p>\n\n\n\n<p class=\"has-text-align-center has-medium-font-size\"><strong>Chaque s\u00e9ance est adapt\u00e9e \u00e0 la personne, \u00e0 son rythme et \u00e0 ses besoins du moment.<\/strong><\/p>\n\n\n\n<hr class=\"wp-block-separator has-alpha-channel-opacity\"\/>\n\n\n\n<h2 class=\"wp-block-heading alignwide has-text-align-center\">Mes accompagnements<\/h2>\n\n\n\n<div class=\"wp-block-group alignwide is-layout-grid wp-container-core-group-is-layout-01071667 wp-block-group-is-layout-grid\">\n<figure class=\"wp-block-image size-full is-style-rounded wp-container-content-f99eb950\"><img decoding=\"async\" src=\"https:\/\/www.valerie-perriguey.fr\/wp-content\/uploads\/2026\/05\/AdobeStock_130927532-scaled.jpeg\" alt=\"\" class=\"wp-image-132\" style=\"aspect-ratio:4\/3;object-fit:cover\"\/><figcaption class=\"wp-element-caption\">                                             R\u00e9flexologie plantaire<\/figcaption><\/figure>\n\n\n\n<figure class=\"wp-block-image size-large is-style-rounded wp-container-content-f99eb950\"><img loading=\"lazy\" decoding=\"async\" width=\"1024\" height=\"683\" src=\"https:\/\/www.valerie-perriguey.fr\/wp-content\/uploads\/2026\/05\/AdobeStock_203193118-1024x683.jpeg\" alt=\"\" class=\"wp-image-131\" style=\"aspect-ratio:4\/3;object-fit:cover\" srcset=\"https:\/\/www.valerie-perriguey.fr\/wp-content\/uploads\/2026\/05\/AdobeStock_203193118-1024x683.jpeg 1024w, https:\/\/www.valerie-perriguey.fr\/wp-content\/uploads\/2026\/05\/AdobeStock_203193118-300x200.jpeg 300w, https:\/\/www.valerie-perriguey.fr\/wp-content\/uploads\/2026\/05\/AdobeStock_203193118-768x512.jpeg 768w, https:\/\/www.valerie-perriguey.fr\/wp-content\/uploads\/2026\/05\/AdobeStock_203193118-1536x1024.jpeg 1536w, https:\/\/www.valerie-perriguey.fr\/wp-content\/uploads\/2026\/05\/AdobeStock_203193118-2048x1365.jpeg 2048w\" sizes=\"auto, (max-width: 1024px) 100vw, 1024px\" \/><figcaption class=\"wp-element-caption\">                                             R\u00e9flexologie palmaire<\/figcaption><\/figure>\n\n\n\n<figure class=\"wp-block-image size-large is-style-rounded wp-container-content-f99eb950\"><img loading=\"lazy\" decoding=\"async\" width=\"1024\" height=\"576\" src=\"https:\/\/www.valerie-perriguey.fr\/wp-content\/uploads\/2026\/04\/close-up-therapeute-a-l-aide-d-un-outil-en-bois-1024x576.jpg\" alt=\"\" class=\"wp-image-54\" style=\"aspect-ratio:4\/3;object-fit:cover\" srcset=\"https:\/\/www.valerie-perriguey.fr\/wp-content\/uploads\/2026\/04\/close-up-therapeute-a-l-aide-d-un-outil-en-bois-1024x576.jpg 1024w, https:\/\/www.valerie-perriguey.fr\/wp-content\/uploads\/2026\/04\/close-up-therapeute-a-l-aide-d-un-outil-en-bois-300x169.jpg 300w, https:\/\/www.valerie-perriguey.fr\/wp-content\/uploads\/2026\/04\/close-up-therapeute-a-l-aide-d-un-outil-en-bois-768x432.jpg 768w, https:\/\/www.valerie-perriguey.fr\/wp-content\/uploads\/2026\/04\/close-up-therapeute-a-l-aide-d-un-outil-en-bois-1536x864.jpg 1536w, https:\/\/www.valerie-perriguey.fr\/wp-content\/uploads\/2026\/04\/close-up-therapeute-a-l-aide-d-un-outil-en-bois-2048x1152.jpg 2048w\" sizes=\"auto, (max-width: 1024px) 100vw, 1024px\" \/><figcaption class=\"wp-element-caption\">                                      R\u00e9flexologie tha\u00eflandaise<\/figcaption><\/figure>\n\n\n\n<figure class=\"wp-block-image size-full is-style-rounded\"><img loading=\"lazy\" decoding=\"async\" width=\"923\" height=\"485\" src=\"https:\/\/www.valerie-perriguey.fr\/wp-content\/uploads\/2026\/05\/Post-Instagram-Avis-Client-Minimaliste-Moderne-Beige2-e1777497369655-edited.png\" alt=\"\" class=\"wp-image-128\" style=\"aspect-ratio:4\/3;object-fit:cover\" srcset=\"https:\/\/www.valerie-perriguey.fr\/wp-content\/uploads\/2026\/05\/Post-Instagram-Avis-Client-Minimaliste-Moderne-Beige2-e1777497369655-edited.png 923w, https:\/\/www.valerie-perriguey.fr\/wp-content\/uploads\/2026\/05\/Post-Instagram-Avis-Client-Minimaliste-Moderne-Beige2-e1777497369655-edited-300x158.png 300w, https:\/\/www.valerie-perriguey.fr\/wp-content\/uploads\/2026\/05\/Post-Instagram-Avis-Client-Minimaliste-Moderne-Beige2-e1777497369655-edited-768x404.png 768w\" sizes=\"auto, (max-width: 923px) 100vw, 923px\" \/><figcaption class=\"wp-element-caption\">                                 R\u00e9flexologie Enfants\/ados<\/figcaption><\/figure>\n\n\n\n<figure class=\"wp-block-image size-large is-style-rounded\"><img loading=\"lazy\" decoding=\"async\" width=\"1024\" height=\"768\" src=\"https:\/\/www.valerie-perriguey.fr\/wp-content\/uploads\/2026\/04\/33d0c2d8-12c8-48ad-b998-9f03dca4ad36.jpg-1024x768.jpg\" alt=\"\" class=\"wp-image-55\" srcset=\"https:\/\/www.valerie-perriguey.fr\/wp-content\/uploads\/2026\/04\/33d0c2d8-12c8-48ad-b998-9f03dca4ad36.jpg-1024x768.jpg 1024w, https:\/\/www.valerie-perriguey.fr\/wp-content\/uploads\/2026\/04\/33d0c2d8-12c8-48ad-b998-9f03dca4ad36.jpg-300x225.jpg 300w, https:\/\/www.valerie-perriguey.fr\/wp-content\/uploads\/2026\/04\/33d0c2d8-12c8-48ad-b998-9f03dca4ad36.jpg-768x576.jpg 768w, https:\/\/www.valerie-perriguey.fr\/wp-content\/uploads\/2026\/04\/33d0c2d8-12c8-48ad-b998-9f03dca4ad36.jpg-1536x1152.jpg 1536w, https:\/\/www.valerie-perriguey.fr\/wp-content\/uploads\/2026\/04\/33d0c2d8-12c8-48ad-b998-9f03dca4ad36.jpg.jpg 1920w\" sizes=\"auto, (max-width: 1024px) 100vw, 1024px\" \/><figcaption class=\"wp-element-caption\">                                  Ateliers bien-\u00eatre en groupe<\/figcaption><\/figure>\n<\/div>\n\n\n\n<div class=\"wp-block-buttons is-content-justification-center is-layout-flex wp-container-core-buttons-is-layout-a89b3969 wp-block-buttons-is-layout-flex\">\n<div class=\"wp-block-button\"><a class=\"wp-block-button__link has-text-align-center wp-element-button\" href=\"https:\/\/www.valerie-perriguey.fr\/?page_id=120\">En savoir plus<\/a><\/div>\n<\/div>\n\n\n\n<hr class=\"wp-block-separator has-alpha-channel-opacity\"\/>\n\n\n\n<h2 class=\"wp-block-heading alignwide has-text-align-center\">Pour qui ?<\/h2>\n\n\n\n<ul style=\"padding-right:var(--wp--preset--spacing--20);padding-left:var(--wp--preset--spacing--20)\" class=\"wp-block-list\">\n<li><strong>Les s\u00e9ances sont toujours ajust\u00e9es aux capacit\u00e9s, besoins et sensibilit\u00e9s de chacun.<\/strong><\/li>\n<\/ul>\n\n\n\n<p class=\"has-text-align-center\">J\u2019accompagne notamment :<\/p>\n\n\n\n<div class=\"wp-block-group is-content-justification-center is-layout-flex wp-container-core-group-is-layout-4a76de1d wp-block-group-is-layout-flex\">\n<ul class=\"wp-block-list is-style-checkmark-list\">\n<li>adultes<\/li>\n\n\n\n<li>enfants et adolescents<\/li>\n\n\n\n<li>seniors<\/li>\n\n\n\n<li>aidants familiaux<\/li>\n<\/ul>\n\n\n\n<ul class=\"wp-block-list is-style-checkmark-list\">\n<li>personnes en situation de fragilit\u00e9<\/li>\n\n\n\n<li>groupes et structures<\/li>\n\n\n\n<li>personnes en situation de handicap<\/li>\n<\/ul>\n<\/div>\n\n\n\n<hr class=\"wp-block-separator has-alpha-channel-opacity\"\/>\n\n\n\n<div class=\"wp-block-columns alignwide are-vertically-aligned-center is-layout-flex wp-container-core-columns-is-layout-28f84493 wp-block-columns-is-layout-flex\">\n<div class=\"wp-block-column is-vertically-aligned-center is-layout-flow wp-block-column-is-layout-flow\">\n<h3 class=\"wp-block-heading\">Lieux d&rsquo;interventions<\/h3>\n\n\n\n<ul class=\"wp-block-list is-style-checkmark-list\">\n<li>associations<\/li>\n\n\n\n<li>collectivit\u00e9s<\/li>\n\n\n\n<li>CCAS<\/li>\n\n\n\n<li>structures seniors<\/li>\n\n\n\n<li>\u00e9tablissements sp\u00e9cialis\u00e9s<\/li>\n\n\n\n<li>entreprises<\/li>\n\n\n\n<li>domicile entre proches<\/li>\n<\/ul>\n<\/div>\n\n\n\n<div class=\"wp-block-column is-vertically-aligned-center is-layout-flow wp-block-column-is-layout-flow\">\n<h3 class=\"wp-block-heading\">Ateliers bien &#8211;  \u00eatre<\/h3>\n\n\n\n<ul class=\"wp-block-list is-style-checkmark-list\">\n<li>\u00c0 domicile ou en lieu partenaire.<\/li>\n\n\n\n<li>r\u00e9flexologie palmaire \/plantaire<\/li>\n\n\n\n<li>auto-massage <\/li>\n\n\n\n<li>relaxation <\/li>\n\n\n\n<li>respiration<\/li>\n<\/ul>\n<\/div>\n<\/div>\n\n\n\n<hr class=\"wp-block-separator has-alpha-channel-opacity\"\/>\n\n\n\n<div class=\"wp-block-media-text alignwide is-stacked-on-mobile is-image-fill-element\" style=\"grid-template-columns:47% auto\"><figure class=\"wp-block-media-text__media\"><img loading=\"lazy\" decoding=\"async\" width=\"1024\" height=\"697\" src=\"https:\/\/www.valerie-perriguey.fr\/wp-content\/uploads\/2026\/04\/water-lily-3784022_1920-1-1024x697.jpg\" alt=\"\" class=\"wp-image-26 size-full\" style=\"object-position:50% 50%\" srcset=\"https:\/\/www.valerie-perriguey.fr\/wp-content\/uploads\/2026\/04\/water-lily-3784022_1920-1-1024x697.jpg 1024w, https:\/\/www.valerie-perriguey.fr\/wp-content\/uploads\/2026\/04\/water-lily-3784022_1920-1-300x204.jpg 300w, https:\/\/www.valerie-perriguey.fr\/wp-content\/uploads\/2026\/04\/water-lily-3784022_1920-1-768x523.jpg 768w, https:\/\/www.valerie-perriguey.fr\/wp-content\/uploads\/2026\/04\/water-lily-3784022_1920-1-1536x1046.jpg 1536w, https:\/\/www.valerie-perriguey.fr\/wp-content\/uploads\/2026\/04\/water-lily-3784022_1920-1.jpg 1920w\" sizes=\"auto, (max-width: 1024px) 100vw, 1024px\" \/><\/figure><div class=\"wp-block-media-text__content\">\n<p class=\"is-style-text-subtitle is-style-text-subtitle--1\"><strong>Informations importantes<\/strong><\/p>\n\n\n\n<p>La r\u00e9flexologie s\u2019inscrit dans une d\u00e9marche de bien-\u00eatre et d\u2019accompagnement.<\/p>\n\n\n\n<p>Elle ne remplace pas un avis m\u00e9dical, un traitement ou un suivi par un professionnel de sant\u00e9.<\/p>\n<\/div><\/div>\n\n\n\n<hr class=\"wp-block-separator has-alpha-channel-opacity\"\/>\n\n\n\n<div class=\"wp-block-columns are-vertically-aligned-center is-layout-flex wp-container-core-columns-is-layout-28f84493 wp-block-columns-is-layout-flex\">\n<div class=\"wp-block-column is-vertically-aligned-center is-layout-flow wp-block-column-is-layout-flow\">\n<h3 class=\"wp-block-heading\">Zone g\u00e9ographique<\/h3>\n\n\n\n<ul class=\"wp-block-list is-style-checkmark-list\">\n<li>Liverdun<\/li>\n\n\n\n<li>Nancy<\/li>\n\n\n\n<li>Toul<\/li>\n\n\n\n<li>Communes environnantes<\/li>\n<\/ul>\n<\/div>\n\n\n\n<div class=\"wp-block-column is-vertically-aligned-center is-layout-flow wp-block-column-is-layout-flow\">\n<h3 class=\"wp-block-heading\">Mes horaires<\/h3>\n\n\n\n<ul class=\"wp-block-list is-style-checkmark-list\">\n<li>Le Lundi de 16h \u00e0 19h<\/li>\n\n\n\n<li>Le Mercredi de 14h \u00e0 19h<\/li>\n\n\n\n<li>Le Jeudi de 9h30 \u00e0 19h<\/li>\n\n\n\n<li>Le Samedi de 9h30 \u00e0 16h<\/li>\n<\/ul>\n<\/div>\n<\/div>\n\n\n\n<hr class=\"wp-block-separator has-alpha-channel-opacity\"\/>\n\n\n\n<div class=\"wp-block-buttons is-content-justification-center is-layout-flex wp-container-core-buttons-is-layout-a89b3969 wp-block-buttons-is-layout-flex\">\n<div class=\"wp-block-button\"><a class=\"wp-block-button__link wp-element-button\" href=\"https:\/\/www.resalib.fr\/praticien\/119512-valerie-perriguey-ei-reflexologue-liverdun#newrdvmodal\">Prendre rendez-vous<\/a><\/div>\n<\/div>\n","protected":false},"excerpt":{"rendered":"<p>Offrez \u00e0 votre corps un moment de r\u00e9pit Apaiser. Retrouver du confort. Respirer\u2026 en toute bienveillance. Message de votre R\u00e9flexologue Suite \u00e0 un changement d&rsquo;h\u00e9bergeur, mon nouveau site est en cours de cr\u00e9ation, l&rsquo;ancien ayant \u00e9t\u00e9 supprim\u00e9. Je vous remercie pour votre compr\u00e9hension. Je reste bien s\u00fbr disponible pour tous renseignements, vous pouvez me contacter [&hellip;]<\/p>\n","protected":false},"author":1,"featured_media":0,"parent":0,"menu_order":0,"comment_status":"closed","ping_status":"closed","template":"","meta":{"footnotes":""},"class_list":["post-268","page","type-page","status-publish","hentry"],"_links":{"self":[{"href":"https:\/\/www.valerie-perriguey.fr\/index.php?rest_route=\/wp\/v2\/pages\/268","targetHints":{"allow":["GET"]}}],"collection":[{"href":"https:\/\/www.valerie-perriguey.fr\/index.php?rest_route=\/wp\/v2\/pages"}],"about":[{"href":"https:\/\/www.valerie-perriguey.fr\/index.php?rest_route=\/wp\/v2\/types\/page"}],"author":[{"embeddable":true,"href":"https:\/\/www.valerie-perriguey.fr\/index.php?rest_route=\/wp\/v2\/users\/1"}],"replies":[{"embeddable":true,"href":"https:\/\/www.valerie-perriguey.fr\/index.php?rest_route=%2Fwp%2Fv2%2Fcomments&post=268"}],"version-history":[{"count":4,"href":"https:\/\/www.valerie-perriguey.fr\/index.php?rest_route=\/wp\/v2\/pages\/268\/revisions"}],"predecessor-version":[{"id":388,"href":"https:\/\/www.valerie-perriguey.fr\/index.php?rest_route=\/wp\/v2\/pages\/268\/revisions\/388"}],"wp:attachment":[{"href":"https:\/\/www.valerie-perriguey.fr\/index.php?rest_route=%2Fwp%2Fv2%2Fmedia&parent=268"}],"curies":[{"name":"wp","href":"https:\/\/api.w.org\/{rel}","templated":true}]}}