{"id":70,"date":"2026-05-04T21:15:10","date_gmt":"2026-05-04T21:15:10","guid":{"rendered":"https:\/\/www.valerie-perriguey.fr\/?page_id=70"},"modified":"2026-05-06T12:14:03","modified_gmt":"2026-05-06T12:14:03","slug":"prendre-rendez-vous-un-moment-pour-soi-2","status":"publish","type":"page","link":"https:\/\/www.valerie-perriguey.fr\/?page_id=70","title":{"rendered":"Prendre rendez-vous \u2013 un moment pour soi"},"content":{"rendered":"\n<p class=\"has-text-align-center is-style-text-subtitle is-style-text-subtitle--1\"><strong>S\u2019accorder un moment pour soi,<\/strong><br data-start=\"1167\" data-end=\"1170\"><strong>c\u2019est parfois simplement s\u2019arr\u00eater, respirer, rel\u00e2cher.<\/strong><\/p>\n\n\n\n<div class=\"wp-block-media-text alignwide is-stacked-on-mobile\" style=\"border-style:none;border-width:0px;border-top-left-radius:2px;border-top-right-radius:2px;border-bottom-left-radius:2px;border-bottom-right-radius:2px;grid-template-columns:48% auto\"><figure class=\"wp-block-media-text__media\"><img loading=\"lazy\" decoding=\"async\" width=\"1024\" height=\"768\" src=\"https:\/\/www.valerie-perriguey.fr\/wp-content\/uploads\/2026\/05\/photo-rendez-vous-1024x768.png\" alt=\"\" class=\"wp-image-73 size-full\" srcset=\"https:\/\/www.valerie-perriguey.fr\/wp-content\/uploads\/2026\/05\/photo-rendez-vous-1024x768.png 1024w, https:\/\/www.valerie-perriguey.fr\/wp-content\/uploads\/2026\/05\/photo-rendez-vous-300x225.png 300w, https:\/\/www.valerie-perriguey.fr\/wp-content\/uploads\/2026\/05\/photo-rendez-vous-768x576.png 768w, https:\/\/www.valerie-perriguey.fr\/wp-content\/uploads\/2026\/05\/photo-rendez-vous-1536x1152.png 1536w, https:\/\/www.valerie-perriguey.fr\/wp-content\/uploads\/2026\/05\/photo-rendez-vous.png 1920w\" sizes=\"auto, (max-width: 1024px) 100vw, 1024px\" \/><\/figure><div class=\"wp-block-media-text__content\">\n<p>Je me d\u00e9place \u00e0 votre domicile, en structures, en entreprises ou en lieu partenaire,<br>pour des s\u00e9ances de r\u00e9flexologie adapt\u00e9es \u00e0 vos besoins et \u00e0 votre rythme.<\/p>\n<\/div><\/div>\n\n\n\n<hr class=\"wp-block-separator has-alpha-channel-opacity\"\/>\n\n\n\n<h2 class=\"wp-block-heading\">R\u00e9server une s\u00e9ance<\/h2>\n\n\n\n<p>&#x1f449; La prise de rendez-vous peut se faire simplement :<\/p>\n\n\n\n<p>&#x1f518; En ligne via R\u00e9salib<br>&#x1f518; Par t\u00e9l\u00e9phone<br>&#x1f518; Sur demande pour les structures et entreprises<\/p>\n\n\n\n<p>Pour les interventions en entreprise, association ou \u00e9tablissement,<br>les modalit\u00e9s sont adapt\u00e9es en fonction du lieu, du public et de l\u2019organisation.<\/p>\n\n\n\n<div class=\"wp-block-buttons is-content-justification-center is-layout-flex wp-container-core-buttons-is-layout-a89b3969 wp-block-buttons-is-layout-flex\">\n<div class=\"wp-block-button\"><a class=\"wp-block-button__link wp-element-button\" href=\"https:\/\/www.resalib.fr\/praticien\/119512-valerie-perriguey-ei-reflexologue-liverdun\">Prendre rendez-vous<\/a><\/div>\n<\/div>\n\n\n\n<hr class=\"wp-block-separator has-alpha-channel-opacity\"\/>\n\n\n\n<h2 class=\"wp-block-heading\">Avant votre s\u00e9ance<\/h2>\n\n\n\n<p>Afin de garantir un accompagnement respectueux et adapt\u00e9 \u00e0 chacun,<br>il est important de v\u00e9rifier que la r\u00e9flexologie correspond \u00e0 votre situation en consultant les contre-indications<\/p>\n\n\n\n<hr class=\"wp-block-separator has-alpha-channel-opacity\"\/>\n\n\n\n<h2 class=\"wp-block-heading\">Un doute\/ le besoin d\u2019\u00e9changer ?<\/h2>\n\n\n\n<p>Je reste disponible pour vous renseigner, vous orienter<br>ou r\u00e9pondre \u00e0 toute demande sp\u00e9cifique.<\/p>\n\n\n\n<hr class=\"wp-block-separator has-alpha-channel-opacity\"\/>\n","protected":false},"excerpt":{"rendered":"<p>S\u2019accorder un moment pour soi,c\u2019est parfois simplement s\u2019arr\u00eater, respirer, rel\u00e2cher. Je me d\u00e9place \u00e0 votre domicile, en structures, en entreprises ou en lieu partenaire,pour des s\u00e9ances de r\u00e9flexologie adapt\u00e9es \u00e0 vos besoins et \u00e0 votre rythme. R\u00e9server une s\u00e9ance &#x1f449; La prise de rendez-vous peut se faire simplement : &#x1f518; En ligne via R\u00e9salib&#x1f518; Par [&hellip;]<\/p>\n","protected":false},"author":1,"featured_media":0,"parent":0,"menu_order":0,"comment_status":"closed","ping_status":"closed","template":"","meta":{"footnotes":""},"class_list":["post-70","page","type-page","status-publish","hentry"],"_links":{"self":[{"href":"https:\/\/www.valerie-perriguey.fr\/index.php?rest_route=\/wp\/v2\/pages\/70","targetHints":{"allow":["GET"]}}],"collection":[{"href":"https:\/\/www.valerie-perriguey.fr\/index.php?rest_route=\/wp\/v2\/pages"}],"about":[{"href":"https:\/\/www.valerie-perriguey.fr\/index.php?rest_route=\/wp\/v2\/types\/page"}],"author":[{"embeddable":true,"href":"https:\/\/www.valerie-perriguey.fr\/index.php?rest_route=\/wp\/v2\/users\/1"}],"replies":[{"embeddable":true,"href":"https:\/\/www.valerie-perriguey.fr\/index.php?rest_route=%2Fwp%2Fv2%2Fcomments&post=70"}],"version-history":[{"count":7,"href":"https:\/\/www.valerie-perriguey.fr\/index.php?rest_route=\/wp\/v2\/pages\/70\/revisions"}],"predecessor-version":[{"id":125,"href":"https:\/\/www.valerie-perriguey.fr\/index.php?rest_route=\/wp\/v2\/pages\/70\/revisions\/125"}],"wp:attachment":[{"href":"https:\/\/www.valerie-perriguey.fr\/index.php?rest_route=%2Fwp%2Fv2%2Fmedia&parent=70"}],"curies":[{"name":"wp","href":"https:\/\/api.w.org\/{rel}","templated":true}]}}